{"id":818,"date":"2020-02-11T16:32:32","date_gmt":"2020-02-11T15:32:32","guid":{"rendered":"https:\/\/www.lift-me-up.com\/?page_id=818"},"modified":"2024-09-29T12:16:49","modified_gmt":"2024-09-29T10:16:49","slug":"818-2","status":"publish","type":"page","link":"https:\/\/www.lohiregio.de\/?page_id=818","title":{"rendered":""},"content":{"rendered":"\n\n\t<h2>Ablauf des ersten Termins<\/h2>\n\t<p>Sie haben mit uns telefonisch einen Termin vereinbart. Dieser dient zum Kennenlernen und zur Kl\u00e4rung Ihrer Fragen zur Mitgliedschaft und des zu erwartenden Beitrags. Die Beitrittserkl\u00e4rung erhalten Sie zur Unterschrift w\u00e4hrend des Termins. Im Termin werden Ihre Fragen zu Ihrer steuerlichen Situation beantwortet und es werden Ihre pers\u00f6nlichen Angaben aufgenommen. Die von Ihnen ben\u00f6tigten Steuerunterlagen k\u00f6nnen Sie <a href=\"https:\/\/www.lohiregio.de\/?page_id=670\">hier<\/a> einsehen. Wenn Sie diese zum Termin vollst\u00e4ndig mitgebracht haben, k\u00f6nnen wir zeitnah Ihre Steuererkl\u00e4rung anfertigen und an Ihr Finanzamt \u00fcbermitteln.<\/p>\n<p>Wenn Sie noch Fragen haben, wenden Sie sich gerne <a href=\"tel:04057134688\">telefonisch<\/a> oder \u00fcber unser Kontaktformular an uns und wir melden uns so bald wie m\u00f6glich bei Ihnen zur\u00fcck!<\/p>\n\t\t\t\t<img loading=\"lazy\" decoding=\"async\" src=\"https:\/\/www.lohiregio.de\/wp-content\/uploads\/2024\/09\/entrepreneur-593357_1920.jpg\" alt=\"Erster Termin\" itemprop=\"image\" height=\"1271\" width=\"1920\" title=\"Erster Termin\" onerror=\"this.style.display='none'\"  \/>\n\n","protected":false},"excerpt":{"rendered":"<p>Ablauf des ersten Termins Sie haben mit uns telefonisch einen Termin vereinbart. Dieser dient zum Kennenlernen und zur Kl\u00e4rung Ihrer Fragen zur Mitgliedschaft und des zu erwartenden Beitrags. Die Beitrittserkl\u00e4rung erhalten Sie zur Unterschrift w\u00e4hrend des Termins. Im Termin werden Ihre Fragen zu Ihrer steuerlichen Situation beantwortet und es werden Ihre pers\u00f6nlichen Angaben aufgenommen. Die [&hellip;]<\/p>\n","protected":false},"author":2,"featured_media":0,"parent":0,"menu_order":0,"comment_status":"closed","ping_status":"closed","template":"","meta":{"footnotes":""},"class_list":["post-818","page","type-page","status-publish","hentry","wpbf-post"],"_links":{"self":[{"href":"https:\/\/www.lohiregio.de\/index.php?rest_route=\/wp\/v2\/pages\/818","targetHints":{"allow":["GET"]}}],"collection":[{"href":"https:\/\/www.lohiregio.de\/index.php?rest_route=\/wp\/v2\/pages"}],"about":[{"href":"https:\/\/www.lohiregio.de\/index.php?rest_route=\/wp\/v2\/types\/page"}],"author":[{"embeddable":true,"href":"https:\/\/www.lohiregio.de\/index.php?rest_route=\/wp\/v2\/users\/2"}],"replies":[{"embeddable":true,"href":"https:\/\/www.lohiregio.de\/index.php?rest_route=%2Fwp%2Fv2%2Fcomments&post=818"}],"version-history":[{"count":6,"href":"https:\/\/www.lohiregio.de\/index.php?rest_route=\/wp\/v2\/pages\/818\/revisions"}],"predecessor-version":[{"id":1148,"href":"https:\/\/www.lohiregio.de\/index.php?rest_route=\/wp\/v2\/pages\/818\/revisions\/1148"}],"wp:attachment":[{"href":"https:\/\/www.lohiregio.de\/index.php?rest_route=%2Fwp%2Fv2%2Fmedia&parent=818"}],"curies":[{"name":"wp","href":"https:\/\/api.w.org\/{rel}","templated":true}]}}