{"id":722,"date":"2019-12-16T12:38:16","date_gmt":"2019-12-16T11:38:16","guid":{"rendered":"https:\/\/www.lift-me-up.com\/?page_id=722"},"modified":"2024-09-29T12:08:42","modified_gmt":"2024-09-29T10:08:42","slug":"722-2","status":"publish","type":"page","link":"https:\/\/www.lohiregio.de\/?page_id=722","title":{"rendered":""},"content":{"rendered":"\n\n\t<h2>Angestellte und Arbeitnehmer<\/h2>\n\t<p>Wir beraten Sie gern und sorgen daf\u00fcr, dass Ihre Aufwendungen f\u00fcr Ihre berufliche T\u00e4tigkeit und weitere anrechenbare Kosten in Ihrer allj\u00e4hrlichen Steuererkl\u00e4rung ber\u00fccksichtigt werden. Auch bei Zeiten der Nichtbesch\u00e4ftigung durch Krankheit oder Arbeitslosigkeit sind wir gern hilfreich an Ihrer Seite und beraten Sie kompetent in steuerlicher Hinsicht.<\/p>\nWichtige Information f\u00fcr alle Arbeitnehmer zu den Steuerentlastungen 2020.<br \/>\nDiese setzen sich wie folgt zusammen:\nDer Grundfreibetrag steigt auf \u20ac 9.408 f\u00fcr Alleinstehende und auf \u20ac 18.810 f\u00fcr Verheiratete.<br \/>\nBis zu diesem Betrag bleibt das Einkommen steuerfrei.<br \/>\nF\u00fcr ausw\u00e4rtig Besch\u00e4ftigte oder Arbeitnehmer mit Dienstreisen werden ab 2020 h\u00f6here Verpflegungspauschalen ber\u00fccksichtigt. Die Pauschalen steigen von \u20ac 24 auf \u20ac 28 f\u00fcr 24 Stunden Abwesenheit, von \u20ac 12 auf \u20ac 14 f\u00fcr An- und Abreisetage und Abwesenheit von mehr als 8 Stunden. F\u00fcr nebenberufliche \u00dcbungsleiter steigt die \u00dcbungsleiter-pauschale von \u20ac 2.400 auf \u20ac 3.000 j\u00e4hrlich.<br \/>\nBis zu diesem Betrag sind die Eink\u00fcnfte als \u00dcbungsleiter steuerfrei.<br \/>\nDie Ehrenamts-pauschale steigt von \u20ac 720 auf \u20ac 840.<br \/>\nBis zu diesem Betrag sind die Eink\u00fcnfte aus einem Ehrenamt steuerfrei.<br \/>\nDer Kinderfreibetrag steigt von \u20ac 4.980 auf \u20ac 5.179.\n\t\t\t\t<img loading=\"lazy\" decoding=\"async\" src=\"https:\/\/www.lohiregio.de\/wp-content\/uploads\/2024\/09\/3.png\" alt=\"3\" itemprop=\"image\" height=\"420\" width=\"226\" title=\"3\" onerror=\"this.style.display='none'\"  \/>\n\n","protected":false},"excerpt":{"rendered":"<p>Angestellte und Arbeitnehmer Wir beraten Sie gern und sorgen daf\u00fcr, dass Ihre Aufwendungen f\u00fcr Ihre berufliche T\u00e4tigkeit und weitere anrechenbare Kosten in Ihrer allj\u00e4hrlichen Steuererkl\u00e4rung ber\u00fccksichtigt werden. Auch bei Zeiten der Nichtbesch\u00e4ftigung durch Krankheit oder Arbeitslosigkeit sind wir gern hilfreich an Ihrer Seite und beraten Sie kompetent in steuerlicher Hinsicht. Wichtige Information f\u00fcr alle Arbeitnehmer [&hellip;]<\/p>\n","protected":false},"author":2,"featured_media":0,"parent":0,"menu_order":0,"comment_status":"closed","ping_status":"closed","template":"","meta":{"footnotes":""},"class_list":["post-722","page","type-page","status-publish","hentry","wpbf-post"],"_links":{"self":[{"href":"https:\/\/www.lohiregio.de\/index.php?rest_route=\/wp\/v2\/pages\/722","targetHints":{"allow":["GET"]}}],"collection":[{"href":"https:\/\/www.lohiregio.de\/index.php?rest_route=\/wp\/v2\/pages"}],"about":[{"href":"https:\/\/www.lohiregio.de\/index.php?rest_route=\/wp\/v2\/types\/page"}],"author":[{"embeddable":true,"href":"https:\/\/www.lohiregio.de\/index.php?rest_route=\/wp\/v2\/users\/2"}],"replies":[{"embeddable":true,"href":"https:\/\/www.lohiregio.de\/index.php?rest_route=%2Fwp%2Fv2%2Fcomments&post=722"}],"version-history":[{"count":4,"href":"https:\/\/www.lohiregio.de\/index.php?rest_route=\/wp\/v2\/pages\/722\/revisions"}],"predecessor-version":[{"id":1143,"href":"https:\/\/www.lohiregio.de\/index.php?rest_route=\/wp\/v2\/pages\/722\/revisions\/1143"}],"wp:attachment":[{"href":"https:\/\/www.lohiregio.de\/index.php?rest_route=%2Fwp%2Fv2%2Fmedia&parent=722"}],"curies":[{"name":"wp","href":"https:\/\/api.w.org\/{rel}","templated":true}]}}