{"id":685,"date":"2019-12-15T00:22:27","date_gmt":"2019-12-14T23:22:27","guid":{"rendered":"https:\/\/www.lift-me-up.com\/?page_id=685"},"modified":"2024-09-29T12:02:53","modified_gmt":"2024-09-29T10:02:53","slug":"685-2","status":"publish","type":"page","link":"https:\/\/www.lohiregio.de\/?page_id=685","title":{"rendered":""},"content":{"rendered":"\n\n\t<h2>Unsere Leistungen<\/h2>\n\tUnser Leistungsangebot umfasst die ganzj\u00e4hrige steuerliche Betreuung von Ihnen als Mitglied, insbesondere die eingehende Beratung und die Analyse Ihrer steuerlichen Situation, die Erstellung und Abgabe Ihrer Einkommensteuererkl\u00e4rung, die Pr\u00fcfung Ihres Steuerbescheids und ggfs. legen wir auch Einspruch ein oder wenn notwendig f\u00fchren wir auch Klage vor dem Finanzgericht. Wir vertreten die Interessen unserer Mitglieder bei Finanzamt und Familienkasse sowie bei Finanzgerichten und dem Bundesfinanzhof.\n<br \/><br \/><br \/>\n<h4>Unsere Leistungen im \u00dcberblick:<\/h4>\n<ul><li>Ganzj\u00e4hrige steuerliche Beratung<\/li>\n<li>Analyse Ihrer steuerlichen Situation<\/li>\n<li>Beratung der Steuerklassenwahl<\/li>\n<li>Beratung zum Alterseink\u00fcnftegesetz bez\u00fcglich der Besteuerung von Renten, Pensionen und Betriebsrenten<\/li>\n<li>Antrag auf Einkommensteuererkl\u00e4rung<\/li>\n<li>Antrag auf Lohnsteuererm\u00e4\u00dfigung<\/li>\n<li>Kindergeld i.S.d. Einkommensteuergesetzes<\/li>\n<li>Investitionszulage f\u00fcr Wohneigentum<\/li>\n<li>F\u00f6rderung der Altersvorsorge (&#8222;Rieserrente&#8220;)<\/li>\n<\/ul>\n<br \/>\n<h4>Weitere Leistungen:<\/h4>\n<ul><li>Berechnung Ihres voraussichtlichen Steuerergebnisses<\/li>\n<li>Berechnung des Anspruchs auf Arbeitnehmersparzulage und Wohnungsbaupr\u00e4mie<\/li>\n<li>Abwicklung Ihrer gesamten Steuererkl\u00e4rung, das hei\u00dft, Antr\u00e4ge und Erkl\u00e4rungen stellen und der gesamte Schriftwechsel mit den Finanzbeh\u00f6rden<\/li>\n<li>Pr\u00fcfung Ihres Steuerbescheids<\/li>\n<li>F\u00fchren von Einspr\u00fcchen und ggfs., wenn notwendig, Klage vor dem Finanzgericht<\/li><\/ul>\n\n","protected":false},"excerpt":{"rendered":"<p>Unsere Leistungen Unser Leistungsangebot umfasst die ganzj\u00e4hrige steuerliche Betreuung von Ihnen als Mitglied, insbesondere die eingehende Beratung und die Analyse Ihrer steuerlichen Situation, die Erstellung und Abgabe Ihrer Einkommensteuererkl\u00e4rung, die Pr\u00fcfung Ihres Steuerbescheids und ggfs. legen wir auch Einspruch ein oder wenn notwendig f\u00fchren wir auch Klage vor dem Finanzgericht. Wir vertreten die Interessen unserer [&hellip;]<\/p>\n","protected":false},"author":2,"featured_media":0,"parent":0,"menu_order":0,"comment_status":"closed","ping_status":"closed","template":"","meta":{"footnotes":""},"class_list":["post-685","page","type-page","status-publish","hentry","wpbf-post"],"_links":{"self":[{"href":"https:\/\/www.lohiregio.de\/index.php?rest_route=\/wp\/v2\/pages\/685","targetHints":{"allow":["GET"]}}],"collection":[{"href":"https:\/\/www.lohiregio.de\/index.php?rest_route=\/wp\/v2\/pages"}],"about":[{"href":"https:\/\/www.lohiregio.de\/index.php?rest_route=\/wp\/v2\/types\/page"}],"author":[{"embeddable":true,"href":"https:\/\/www.lohiregio.de\/index.php?rest_route=\/wp\/v2\/users\/2"}],"replies":[{"embeddable":true,"href":"https:\/\/www.lohiregio.de\/index.php?rest_route=%2Fwp%2Fv2%2Fcomments&post=685"}],"version-history":[{"count":8,"href":"https:\/\/www.lohiregio.de\/index.php?rest_route=\/wp\/v2\/pages\/685\/revisions"}],"predecessor-version":[{"id":902,"href":"https:\/\/www.lohiregio.de\/index.php?rest_route=\/wp\/v2\/pages\/685\/revisions\/902"}],"wp:attachment":[{"href":"https:\/\/www.lohiregio.de\/index.php?rest_route=%2Fwp%2Fv2%2Fmedia&parent=685"}],"curies":[{"name":"wp","href":"https:\/\/api.w.org\/{rel}","templated":true}]}}