{"id":670,"date":"2019-12-14T22:46:32","date_gmt":"2019-12-14T21:46:32","guid":{"rendered":"https:\/\/www.lift-me-up.com\/?page_id=670"},"modified":"2024-09-29T12:14:59","modified_gmt":"2024-09-29T10:14:59","slug":"670-2","status":"publish","type":"page","link":"https:\/\/www.lohiregio.de\/?page_id=670","title":{"rendered":""},"content":{"rendered":"\n\n\t<h2>Checkliste <a href=\"\/wp-content\/uploads\/2020\/02\/Checkliste.pdf\">(hier herunterladen)<\/a><\/h2>\n<h4>Diese Unterlagen ben\u00f6tigen Sie f\u00fcr Ihre Einkommenssteuererkl\u00e4rung:<br \/>\n<i>(bitte beim ersten Termin mitbringen)<\/i><\/h4>\n<input type=\"checkbox\" \/> Letzer Steuerbescheid\n<br \/>\n<br \/><b>Sonderausgaben<\/b>\n<br \/><input type=\"checkbox\" \/> Renten-, Kranken-, Lebens-, Unfallversicherung, Kfz-Haftpflicht, Privathaftpflicht, Sterbekasse\n<br \/><input type=\"checkbox\" \/> Bescheinigung \u00fcber gezahlte Beitr\u00e4ge Riester-Rente (Bescheinigung nach \u00a7 10 a EStG)\n<br \/><input type=\"checkbox\" \/> Spendenquittungen\n<br \/><input type=\"checkbox\" \/> Aufwendungen f\u00fcr eigene Aus- u. Weiterbildung in einem nicht ausge\u00fcbten Beruf\n<br \/><input type=\"checkbox\" \/> Kirchensteuerzahlung und -erstattung\n<br \/><input type=\"checkbox\" \/> Scheidungsunterhalt f\u00fcr die Ehefrau\/Ehemann\n<br \/>\n<br \/><b>Au\u00dfergew\u00f6hnliche Belastungen<\/b>\n<br \/><input type=\"checkbox\" \/> Belege zu Krankheitskosten \n<br \/><input type=\"checkbox\" \/> Nachweis \u00fcber K\u00f6rperbehinderung (Behindertenausweis)\n<br \/><input type=\"checkbox\" \/> Belege f\u00fcr die Unterst\u00fctzung bed\u00fcrftiger Angeh\u00f6riger\n<br \/><input type=\"checkbox\" \/> Nachweis \u00fcber Pflege von st\u00e4ndig hilflosen Personen ( Behindertenausweis, Pflegegeldbescheid)\n<br \/><input type=\"checkbox\" \/> Rechnungen \u00fcber Scheidungskosten\n<br \/><input type=\"checkbox\" \/> Kosten f\u00fcr Beerdigungen\n<br \/>\n<br \/><b>Haushaltsnahe Dienstleistungen\/Handwerksleistungen\n<br \/>(Nachweis durch Rechnung und Bank\u00fcberweisung)<\/b>\n<br \/><input type=\"checkbox\" \/> Haushaltshilfe, Gartenpflegearbeiten\n<br \/><input type=\"checkbox\" \/> Pflege von Angeh\u00f6rigen, Inanspruchnahme eines Pflegedienstes\n<br \/><input type=\"checkbox\" \/> Handwerkerleistungen f\u00fcr Renovierung-, Modernisierung und Erhaltungsma\u00dfnahmen\n<br \/><input type=\"checkbox\" \/> Betriebskostenabrechnung, z. B. Hausmeister, Hausreinigung, Gartenpflege, Schornsteinfeger\n<br \/><input type=\"checkbox\" \/> Reparatur von Haushaltsger\u00e4ten, z. B. Waschmaschine, Geschirrsp\u00fcler, Fernseher, PC\n<br \/>\n<br \/><b>Corona<\/b>\n<br \/><input type=\"checkbox\" \/> \nBest&auml;tigung des Arbeitgebers, an wie vielen Tagen im Homeofice gearbeitet wurde\n<br \/><input type=\"checkbox\" \/>\nBest&auml;tigung des Arbeitgebers, das neu angeschaffte Technik nicht &uuml;bernommen wurde\n\t\t\t\t<img loading=\"lazy\" decoding=\"async\" src=\"https:\/\/www.lohiregio.de\/wp-content\/uploads\/2024\/09\/tax-return-1368168_640.jpg\" alt=\"tax-return-1368168_640\" itemprop=\"image\" height=\"426\" width=\"640\" title=\"tax-return-1368168_640\" onerror=\"this.style.display='none'\"  \/>\n\t<b>Kinder<\/b>\n<br \/><input type=\"checkbox\" \/> Geburtsurkunde, wenn im Veranlagungsjahr geboren\n<br \/><input type=\"checkbox\" \/> Kinderbetreuungskosten, Nachweis durch Kontoauszug oder Bescheinigung der Kita\n<br \/><input type=\"checkbox\" \/> Entlastungsbetrag f\u00fcr Alleinerziehende, wenn alleinstehend mit Kind\n<br \/><input type=\"checkbox\" \/> Kinder \u00fcber 18 J. Ausbildungsvertrag, Lohnsteuerbescheinigung, Schul- oder Studienbescheinigung\n<br \/><input type=\"checkbox\" \/> Nachweis bei ausw\u00e4rtiger Unterkunft, Mietvertrag, Mietzahlungen\n<br \/><input type=\"checkbox\" \/> Baf\u00f6g Bescheid\n<br \/><input type=\"checkbox\" \/> Ausbildungsaufwendungen f\u00fcr das auszubildende Kind (Schulgeld usw.)\n<br \/><input type=\"checkbox\" \/> Nachweis des Wehrdienstes bei Ausbildung von Kindern \u00fcber 27 Jahren\n<br \/>\n<br \/><b>Lohn und Gehalt<\/b>\n<br \/><input type=\"checkbox\" \/> Elektronische Lohnsteuerbescheinigung\n<br \/><input type=\"checkbox\" \/> Nachweis \u00fcber Lohnersatzleistungen (Arbeitslosengeld, Arbeitslosengeld II, Krankengeld)\n<br \/><input type=\"checkbox\" \/> Nachweis \u00fcber Mutterschaftsgeld, Elterngeld\n<br \/><input type=\"checkbox\" \/> Bescheinigung \u00fcber Verm\u00f6genswirksame Leistungen \/ Wohnungsbaupr\u00e4mienantrag\n<br \/><input type=\"checkbox\" \/> Bei Erhalt einer Abfindung oder Altersteilzeit, Nachweis durch Vertragskopie\n<br \/>\n<br \/><b>Werbungskosten<\/b>\n<br \/><input type=\"checkbox\" \/> Fahrten zwischen Wohnung und Arbeitsst\u00e4tte, Anschrift Arbeitsst\u00e4tte, Anzahl Arbeitstage\/Woche\n<br \/><input type=\"checkbox\" \/> Dienstreisen, Nachweis der nicht erstatteten Kosten\n<br \/><input type=\"checkbox\" \/> Bescheinigung des Arbeitgebers \u00fcber Einsatzwechselt\u00e4tigkeit\n<br \/><input type=\"checkbox\" \/> Rechnungen f\u00fcr Arbeitsmittel, z.B. Berufsbekleidung, Computer und Zubeh\u00f6r\n<br \/><input type=\"checkbox\" \/> Fachb\u00fccher, Fachzeitschriften\n<br \/><input type=\"checkbox\" \/> Berufsbedingte Fortbildungskosten, z.B. Kursgeb\u00fchren, Fahrtkosten, Unterkunft\n<br \/><input type=\"checkbox\" \/> Bewerbungskosten, Nachweis der Bewerbungen durch Anschreiben oder Einladungen\n<br \/><input type=\"checkbox\" \/> Honorar f\u00fcr Arbeitsrechtsstreit\n<br \/><input type=\"checkbox\" \/> Nachweis \u00fcber beruflich veranlasste Telefonkosten\n<br \/><input type=\"checkbox\" \/> Beitr\u00e4ge zu Berufsverb\u00e4nden, Rechtsschutzversicherung\n<br \/><input type=\"checkbox\" \/> Aufwendungen f\u00fcr Arbeitszimmer\n<br \/><input type=\"checkbox\" \/> Steuerberatungskosten, Mitgliedsbeitrag Lohnsteuerhilfeverein\n<br \/>\n\t<b>Renten und Pensionen<\/b>\n<br \/><input type=\"checkbox\" \/> Rentenmitteilung, Leistungsmitteilung \u00fcber private Rentenversicherung, sonstige Renten\n<br \/><input type=\"checkbox\" \/> Pensionsmitteilung, elektronische Lohnsteuerbescheinigung\n<br \/>\n<br \/><b>Sonstige Eink\u00fcnfte<\/b>\n<br \/><input type=\"checkbox\" \/> Anlage U\n<br \/><input type=\"checkbox\" \/> Nachweis des Unterhalts, Kontoausz\u00fcge\n<br \/>\n<br \/><b>Eink\u00fcnfte aus Kapitalverm\u00f6gen<\/b>\n<br \/><input type=\"checkbox\" \/> Jahressteuerbescheinigungen der Anlageinstitute\n<br \/><input type=\"checkbox\" \/> Zinsertr\u00e4ge aus Sparguthaben\n<br \/><input type=\"checkbox\" \/> Zinsen aus Bausparguthaben\n<br \/>\n<br \/><b>Eink\u00fcnfte aus Vermietung<\/b>\n<br \/><input type=\"checkbox\" \/> Angaben zum Objekt, Anschrift, Gesamtfl\u00e4che, vermietete Fl\u00e4che, Datum der Anschaffung\n<br \/><input type=\"checkbox\" \/> Notarieller Kaufvertrag\n<br \/><input type=\"checkbox\" \/> Nachtr\u00e4gliche Herstellungskosten und Anschaffungsnebenkosten\n<br \/><input type=\"checkbox\" \/> Notar- und Rechtsanwaltskosten\n<br \/><input type=\"checkbox\" \/> Grunderwerbsteuer\n<br \/><input type=\"checkbox\" \/> Hypothekenzinsen\n<br \/><input type=\"checkbox\" \/> Erhaltungsaufwendungen f\u00fcr das Haus\/Wohnung\n<br \/><input type=\"checkbox\" \/> Hausgeldabrechnung der Hausverwaltung\n<br \/><input type=\"checkbox\" \/> Mietvertrag, Nachweis Einnahmen f\u00fcr Kaltmieten und Nebenkosten\n<br \/><input type=\"checkbox\" \/> Grundsteuer\n<br \/><input type=\"checkbox\" \/> Geb\u00fchrennachweis \u00fcber Stra\u00dfenreinigung, M\u00fcllabfuhr, Wasser, Hausbeleuchtung, Heizung etc.\n<br \/><input type=\"checkbox\" \/> Schornsteinfeger, Heizungswartung\n<br \/><input type=\"checkbox\" \/> Versicherungen\n<br \/><input type=\"checkbox\" \/> Hauswart\/Hausmeister\n<br \/><input type=\"checkbox\" \/> Nachweis Steuerberatungs- und Rechtsanwaltskosten\n<br \/><input type=\"checkbox\" \/> Kontof\u00fchrungsgeb\u00fchren, Beitr\u00e4ge\n<br \/><input type=\"checkbox\" \/> Telefonkosten, B\u00fcrobedarf, Porto\n<br \/><input type=\"checkbox\" \/> Fahrtkosten zum Vermietungsobjekt\n<br \/>\n<br \/><b>Beteiligung an Immobilienfonds<\/b>\n<br \/><input type=\"checkbox\" \/> Vertragsurkunde\n<br \/><input type=\"checkbox\" \/> Finanzierung, Darlehensvertr\u00e4ge\n<br \/><input type=\"checkbox\" \/> Abrechnung des steuerlichen Anteils f\u00fcr das Veranlagungsjahr\n<br \/>\n<br \/>\n<br \/>\n<b>Dies ist keine vollst\u00e4ndige Aufz\u00e4hlung. Sollten in Ihrem pers\u00f6nlichen Fall weitere Unterlagen ben\u00f6tigt\nwerden, so teilen wir Ihnen dies mit.<br \/>\n<br \/>\nWir ben&ouml;tigen nur Kopien Ihrer Unterlagen. Wenn Sie uns Originalbelege zukommen lassen, legen Sie uns bitte eine Portopauschale von 2 EUR f\u00fcr den R&uuml;ckversand der Unterlagen mit bei.<\/b>\n\t\t\t\t<img loading=\"lazy\" decoding=\"async\" src=\"https:\/\/www.lohiregio.de\/wp-content\/uploads\/2024\/09\/chart_and_hands_smaller.jpg\" alt=\"chart_and_hands_smaller\" itemprop=\"image\" height=\"1350\" width=\"1386\" title=\"chart_and_hands_smaller\" onerror=\"this.style.display='none'\"  \/>\n\n","protected":false},"excerpt":{"rendered":"<p>Checkliste (hier herunterladen) Diese Unterlagen ben\u00f6tigen Sie f\u00fcr Ihre Einkommenssteuererkl\u00e4rung: (bitte beim ersten Termin mitbringen) Letzer Steuerbescheid Sonderausgaben Renten-, Kranken-, Lebens-, Unfallversicherung, Kfz-Haftpflicht, Privathaftpflicht, Sterbekasse Bescheinigung \u00fcber gezahlte Beitr\u00e4ge Riester-Rente (Bescheinigung nach \u00a7 10 a EStG) Spendenquittungen Aufwendungen f\u00fcr eigene Aus- u. Weiterbildung in einem nicht ausge\u00fcbten Beruf Kirchensteuerzahlung und -erstattung Scheidungsunterhalt f\u00fcr die Ehefrau\/Ehemann [&hellip;]<\/p>\n","protected":false},"author":2,"featured_media":0,"parent":0,"menu_order":0,"comment_status":"closed","ping_status":"closed","template":"","meta":{"footnotes":""},"class_list":["post-670","page","type-page","status-publish","hentry","wpbf-post"],"_links":{"self":[{"href":"https:\/\/www.lohiregio.de\/index.php?rest_route=\/wp\/v2\/pages\/670","targetHints":{"allow":["GET"]}}],"collection":[{"href":"https:\/\/www.lohiregio.de\/index.php?rest_route=\/wp\/v2\/pages"}],"about":[{"href":"https:\/\/www.lohiregio.de\/index.php?rest_route=\/wp\/v2\/types\/page"}],"author":[{"embeddable":true,"href":"https:\/\/www.lohiregio.de\/index.php?rest_route=\/wp\/v2\/users\/2"}],"replies":[{"embeddable":true,"href":"https:\/\/www.lohiregio.de\/index.php?rest_route=%2Fwp%2Fv2%2Fcomments&post=670"}],"version-history":[{"count":14,"href":"https:\/\/www.lohiregio.de\/index.php?rest_route=\/wp\/v2\/pages\/670\/revisions"}],"predecessor-version":[{"id":1146,"href":"https:\/\/www.lohiregio.de\/index.php?rest_route=\/wp\/v2\/pages\/670\/revisions\/1146"}],"wp:attachment":[{"href":"https:\/\/www.lohiregio.de\/index.php?rest_route=%2Fwp%2Fv2%2Fmedia&parent=670"}],"curies":[{"name":"wp","href":"https:\/\/api.w.org\/{rel}","templated":true}]}}