{"id":632,"date":"2019-12-13T20:02:54","date_gmt":"2019-12-13T19:02:54","guid":{"rendered":"https:\/\/www.lift-me-up.com\/?page_id=632"},"modified":"2020-02-11T14:47:42","modified_gmt":"2020-02-11T13:47:42","slug":"632-2","status":"publish","type":"page","link":"https:\/\/www.lohiregio.de\/?page_id=632","title":{"rendered":""},"content":{"rendered":"\n\t<h2>Impressum<\/h2>\nDieses Impressum gilt auch f\u00fcr die Profile unseres Vereins auf den folgenden sozialen Netzwerken:<br \/>\n(hier Facebook Link einf\u00fcgen)<br \/>\n(hier LinkedIn Link einf\u00fcgen)\n<h4>Angaben gem\u00e4\u00df \u00a75 TMG<\/h4>\nLohnsteuerhilfeverein Regio e.V.<br \/>\n(Lohnsteuerhilfeverein)<br \/>\nFuhlsb\u00fcttler Stra\u00dfe 415a<br \/>\n22309 Hamburg<br \/>\nTel.\u00a0 040 &#8211; 57134688<br \/>\nFax\u00a0 040 &#8211; 57134689<br \/>\nE-Mail:\u00a0<a href=\"mailto:info@lohiregio.de\"><img decoding=\"async\" src=\"\/wp-content\/uploads\/2019\/12\/Email-icon_blue.png\" \/> info@lohiregio.de <\/a>\n<strong>Vertretungsberechtigt:<\/strong><br \/>\nMartina Scheppach (1. Vorsitzende),<br \/>\nDr. Norbert Scheppach (2. Vorsitzender)<br \/>\nLohnsteuerhilfeverein Regio e.V.<br \/>\nFuhlsb\u00fcttler Stra\u00dfe 415a<br \/>\n22309 Hamburg\n<strong>Zust\u00e4ndige Aufsichtsbeh\u00f6rde:<\/strong><br \/>\nAmtsgericht Hamburg\n<p>Der Lohnsteuerhilfeverein Regio e.V. ist ein nichtwirtschaftlicher, eingetragener Verein i.S.d. \u00a7 21 BGB. Nach \u00a7 14 StBerG ist er als Lohnsteuerhilfeverein anerkannt. Er leistet seinen Mitgliedern im Rahmen des \u00a7 4 Nr. 11 StBerG steuerliche Hilfe. Der Verein unterliegt im Wesentlichen den berufsrechtlichen Regelungen des Steuerberatungsgesetzes (StBerG).<\/p>\n<strong>Vereinsregister:<\/strong><br \/>\nRegistergericht: Amtsgericht Hamburg<br \/>\nRegisternummer: VR 21671<br \/>\nSteuernummer: 17\/454\/04878<br \/>\nFinanzamt Hamburg-Nord\n<p>&nbsp;<\/p>\n<h6><b>Layout und Programmierung:<\/b><\/h6>\nSimon Lemcke<br \/>\nHeidberg 40<br \/>\n22301 Hamburg\n<p>simon[at]lemcke.com<\/p>\n<p>&nbsp;<\/p>\n<strong>Haftungshinweise:<br \/>\n<\/strong>Beachten Sie bitte die unter <a href=\"\/?page_id=638\">Datenschutz<\/a> hinterlegten Hinweise. Wir haben auf unseren Seiten Links zu anderen Seiten im Internet gelegt. F\u00fcr alle diese Links gilt: Der Lohnsteuerhilfeverein Regio e.V. sowie die Ersteller dieser Seiten erkl\u00e4ren ausdr\u00fccklich, dass sie keinerlei Einfluss auf die Gestaltung und die Inhalte der verlinkten Seiten haben. Deshalb distanzieren wir uns hiermit von allen Inhalten aller verlinkten Seiten auf unserer Webseite Diese Erkl\u00e4rung gilt f\u00fcr alle auf unserer Webseite angezeigten Links und f\u00fcr alle Inhalte der Seiten, zu denen Links f\u00fchren.<strong><br \/>\n<\/strong>\n<p>Der Verein \u00fcbernimmt keinerlei Gew\u00e4hr f\u00fcr die Aktualit\u00e4t, Korrektheit, Vollst\u00e4ndigkeit oder Qualit\u00e4t der bereitgestellten Informationen. Haftungsanspr\u00fcche gegen den Verein, welche sich auf Sch\u00e4den materieller oder ideeller Art beziehen, die durch die Nutzung oder Nichtnutzung der dargebotenen Informationen bzw. durch die Nutzung fehlerhafter und unvollst\u00e4ndiger Informationen verursacht wurden, sind grunds\u00e4tzlich ausgeschlossen, sofern seitens des Vereins kein nachweislich vors\u00e4tzliches oder grob fahrl\u00e4ssiges Verschulden vorliegt. Alle Angebote sind freibleibend und unverbindlich. Der Verein beh\u00e4lt es sich ausdr\u00fccklich vor, Teile der Seiten oder das gesamte Angebot ohne gesonderte Ank\u00fcndigung zu ver\u00e4ndern, zu erg\u00e4nzen, zu l\u00f6schen oder die Ver\u00f6ffentlichung zeitweise oder endg\u00fcltig einzustellen.<\/p>\n","protected":false},"excerpt":{"rendered":"<p>Impressum Dieses Impressum gilt auch f\u00fcr die Profile unseres Vereins auf den folgenden sozialen Netzwerken: (hier Facebook Link einf\u00fcgen) (hier LinkedIn Link einf\u00fcgen) Angaben gem\u00e4\u00df \u00a75 TMG Lohnsteuerhilfeverein Regio e.V. (Lohnsteuerhilfeverein) Fuhlsb\u00fcttler Stra\u00dfe 415a 22309 Hamburg Tel.\u00a0 040 &#8211; 57134688 Fax\u00a0 040 &#8211; 57134689 E-Mail:\u00a0 info@lohiregio.de Vertretungsberechtigt: Martina Scheppach (1. Vorsitzende), Dr. Norbert Scheppach (2. [&hellip;]<\/p>\n","protected":false},"author":2,"featured_media":0,"parent":0,"menu_order":0,"comment_status":"closed","ping_status":"closed","template":"","meta":{"footnotes":""},"class_list":["post-632","page","type-page","status-publish","hentry","wpbf-post"],"_links":{"self":[{"href":"https:\/\/www.lohiregio.de\/index.php?rest_route=\/wp\/v2\/pages\/632","targetHints":{"allow":["GET"]}}],"collection":[{"href":"https:\/\/www.lohiregio.de\/index.php?rest_route=\/wp\/v2\/pages"}],"about":[{"href":"https:\/\/www.lohiregio.de\/index.php?rest_route=\/wp\/v2\/types\/page"}],"author":[{"embeddable":true,"href":"https:\/\/www.lohiregio.de\/index.php?rest_route=\/wp\/v2\/users\/2"}],"replies":[{"embeddable":true,"href":"https:\/\/www.lohiregio.de\/index.php?rest_route=%2Fwp%2Fv2%2Fcomments&post=632"}],"version-history":[{"count":7,"href":"https:\/\/www.lohiregio.de\/index.php?rest_route=\/wp\/v2\/pages\/632\/revisions"}],"predecessor-version":[{"id":787,"href":"https:\/\/www.lohiregio.de\/index.php?rest_route=\/wp\/v2\/pages\/632\/revisions\/787"}],"wp:attachment":[{"href":"https:\/\/www.lohiregio.de\/index.php?rest_route=%2Fwp%2Fv2%2Fmedia&parent=632"}],"curies":[{"name":"wp","href":"https:\/\/api.w.org\/{rel}","templated":true}]}}