{"id":533,"date":"2019-12-10T22:58:37","date_gmt":"2019-12-10T21:58:37","guid":{"rendered":"https:\/\/www.lift-me-up.com\/?page_id=533"},"modified":"2020-02-13T12:34:11","modified_gmt":"2020-02-13T11:34:11","slug":"533-2","status":"publish","type":"page","link":"https:\/\/www.lohiregio.de\/","title":{"rendered":""},"content":{"rendered":"\n\t\n\t<h2>Warum LOHIREGIO?<\/h2>\n\t<p>Mit weit \u00fcber 5000 Steuererkl\u00e4rungen und \u00fcber 10 Jahren Erfahrung bieten wir Ihnen Sicherheit und Kompetenz.<\/p>\n\t<p><a href=\"\/?page_id=705\">Werden Sie noch heute Mitglied<\/a><\/p>\n\t<h2>Was kostet mich das?<\/h2>\n\t<p>Abh\u00e4ngig von Ihrem Einkommen k\u00f6nnen Sie schon ab 50\u20ac j\u00e4hrlich die Sorge Finanzamt hinter sich lassen.<\/p>\n\t<p><a href=\"\/?page_id=658\">Mehr Details<\/a><\/p>\n\t<h2>Was muss ich mitbringen?<\/h2>\n\t<p>F\u00fcr einen reibungsfreien Ablauf haben wir extra f\u00fcr Sie eine Checkliste f\u00fcr den ersten Besuch zusammengestellt:<\/p>\n\t<p><a href=\"\/?page_id=670\">Hier Klicken<\/a><\/p>\n<iframe loading=\"lazy\" src=\"https:\/\/www.google.com\/maps\/embed?pb=!1m14!1m8!1m3!1d4734.681761041926!2d10.0363411!3d53.6052214!3m2!1i1024!2i768!4f13.1!3m3!1m2!1s0x47b18910e6cfd18b%3A0xdd25ee722e1018c4!2sFuhlsb%C3%BCttler%20Str.%20415A%2C%2022307%20Hamburg!5e0!3m2!1sde!2sde!4v1576362545114!5m2!1sde!2sde\" width=\"1160\" height=\"450\" frameborder=\"0\" allowfullscreen=\"\"><\/iframe>\n","protected":false},"excerpt":{"rendered":"<p>Warum LOHIREGIO? Mit weit \u00fcber 5000 Steuererkl\u00e4rungen und \u00fcber 10 Jahren Erfahrung bieten wir Ihnen Sicherheit und Kompetenz. Werden Sie noch heute Mitglied Was kostet mich das? Abh\u00e4ngig von Ihrem Einkommen k\u00f6nnen Sie schon ab 50\u20ac j\u00e4hrlich die Sorge Finanzamt hinter sich lassen. Mehr Details Was muss ich mitbringen? F\u00fcr einen reibungsfreien Ablauf haben wir [&hellip;]<\/p>\n","protected":false},"author":2,"featured_media":0,"parent":0,"menu_order":0,"comment_status":"closed","ping_status":"closed","template":"","meta":{"footnotes":""},"class_list":["post-533","page","type-page","status-publish","hentry","wpbf-post"],"_links":{"self":[{"href":"https:\/\/www.lohiregio.de\/index.php?rest_route=\/wp\/v2\/pages\/533","targetHints":{"allow":["GET"]}}],"collection":[{"href":"https:\/\/www.lohiregio.de\/index.php?rest_route=\/wp\/v2\/pages"}],"about":[{"href":"https:\/\/www.lohiregio.de\/index.php?rest_route=\/wp\/v2\/types\/page"}],"author":[{"embeddable":true,"href":"https:\/\/www.lohiregio.de\/index.php?rest_route=\/wp\/v2\/users\/2"}],"replies":[{"embeddable":true,"href":"https:\/\/www.lohiregio.de\/index.php?rest_route=%2Fwp%2Fv2%2Fcomments&post=533"}],"version-history":[{"count":30,"href":"https:\/\/www.lohiregio.de\/index.php?rest_route=\/wp\/v2\/pages\/533\/revisions"}],"predecessor-version":[{"id":849,"href":"https:\/\/www.lohiregio.de\/index.php?rest_route=\/wp\/v2\/pages\/533\/revisions\/849"}],"wp:attachment":[{"href":"https:\/\/www.lohiregio.de\/index.php?rest_route=%2Fwp%2Fv2%2Fmedia&parent=533"}],"curies":[{"name":"wp","href":"https:\/\/api.w.org\/{rel}","templated":true}]}}